{"id":705,"date":"2022-06-10T15:44:47","date_gmt":"2022-06-10T15:44:47","guid":{"rendered":"https:\/\/kadence.pixel-show.com\/cleaning-services\/?page_id=18"},"modified":"2026-01-17T10:00:33","modified_gmt":"2026-01-17T09:00:33","slug":"reeducations","status":"publish","type":"page","link":"https:\/\/logopedemdcarabin.be\/logopede-verviers-heusy-stembert-dison\/reeducations\/","title":{"rendered":"R\u00e9\u00e9ducations"},"content":{"rendered":"\t\t<div data-elementor-type=\"wp-page\" data-elementor-id=\"705\" class=\"elementor elementor-705\">\n\t\t\t\t<div class=\"elementor-element elementor-element-265df8f e-flex e-con-boxed e-con e-parent\" data-id=\"265df8f\" data-element_type=\"container\" data-e-type=\"container\" data-settings=\"{&quot;background_background&quot;:&quot;classic&quot;}\">\n\t\t\t\t\t<div class=\"e-con-inner\">\n\t\t<div class=\"elementor-element elementor-element-30bbf45 e-con-full e-flex e-con e-child\" data-id=\"30bbf45\" data-element_type=\"container\" data-e-type=\"container\">\n\t\t\t\t<\/div>\n\t\t\t\t\t<\/div>\n\t\t\t\t<\/div>\n\t\t<div class=\"elementor-element elementor-element-3652fd7 e-flex e-con-boxed e-con e-parent\" data-id=\"3652fd7\" data-element_type=\"container\" data-e-type=\"container\" id=\"top_PEC\">\n\t\t\t\t\t<div class=\"e-con-inner\">\n\t\t<div class=\"elementor-element elementor-element-a3be4fe e-con-full e-flex e-con e-child\" data-id=\"a3be4fe\" data-element_type=\"container\" data-e-type=\"container\">\n\t\t\t\t<div class=\"elementor-element elementor-element-dd2e744 elementor-widget elementor-widget-shortcode\" data-id=\"dd2e744\" data-element_type=\"widget\" data-e-type=\"widget\" data-widget_type=\"shortcode.default\">\n\t\t\t\t<div class=\"elementor-widget-container\">\n\t\t\t\t\t\t\t<div class=\"elementor-shortcode\"><span><span><a href=\"https:\/\/logopedemdcarabin.be\/logopede-verviers-heusy-stembert-dison\/\">Accueil<\/a><\/span><\/span><\/div>\n\t\t\t\t\t\t<\/div>\n\t\t\t\t<\/div>\n\t\t\t\t<div class=\"elementor-element elementor-element-918c833 elementor-widget__width-initial elementor-widget-mobile__width-initial elementor-widget elementor-widget-heading\" data-id=\"918c833\" data-element_type=\"widget\" data-e-type=\"widget\" data-widget_type=\"heading.default\">\n\t\t\t\t<div class=\"elementor-widget-container\">\n\t\t\t\t\t<h1 class=\"elementor-heading-title elementor-size-default\">R\u00e9\u00e9ducations logop\u00e9diques<\/h1>\t\t\t\t<\/div>\n\t\t\t\t<\/div>\n\t\t\t\t<\/div>\n\t\t\t\t\t<\/div>\n\t\t\t\t<\/div>\n\t\t<div class=\"elementor-element elementor-element-474b85b e-flex e-con-boxed e-con e-parent\" data-id=\"474b85b\" data-element_type=\"container\" data-e-type=\"container\">\n\t\t\t\t\t<div class=\"e-con-inner\">\n\t\t<div class=\"elementor-element elementor-element-259c6c5 e-con-full e-flex e-con e-child\" data-id=\"259c6c5\" data-element_type=\"container\" data-e-type=\"container\">\n\t\t\t\t<div class=\"elementor-element elementor-element-b8a985c elementor-widget__width-initial elementor-widget elementor-widget-menu-anchor\" data-id=\"b8a985c\" data-element_type=\"widget\" data-e-type=\"widget\" data-widget_type=\"menu-anchor.default\">\n\t\t\t\t<div class=\"elementor-widget-container\">\n\t\t\t\t\t\t\t<div class=\"elementor-menu-anchor\" id=\"TroublesdulangageOral\"><\/div>\n\t\t\t\t\t\t<\/div>\n\t\t\t\t<\/div>\n\t\t\t\t<div class=\"elementor-element elementor-element-7bb7b2d elementor-widget elementor-widget-heading\" data-id=\"7bb7b2d\" data-element_type=\"widget\" data-e-type=\"widget\" data-widget_type=\"heading.default\">\n\t\t\t\t<div class=\"elementor-widget-container\">\n\t\t\t\t\t<h2 class=\"elementor-heading-title elementor-size-default\">Troubles du langage Oral\n          <\/h2>\t\t\t\t<\/div>\n\t\t\t\t<\/div>\n\t\t\t\t<div class=\"elementor-element elementor-element-e5998eb elementor-widget elementor-widget-text-editor\" data-id=\"e5998eb\" data-element_type=\"widget\" data-e-type=\"widget\" data-widget_type=\"text-editor.default\">\n\t\t\t\t<div class=\"elementor-widget-container\">\n\t\t\t\t\t\t\t\t\t<ul>\n<li>\u00a0Retard de la <strong>parole<\/strong> et de <strong>vocabulaire<\/strong><\/li>\n<li>Probl\u00e8mes d&rsquo;<strong>articulation<\/strong><\/li>\n<li><strong> Dysphasie<\/strong><\/li>\n<li>&#8230;<\/li>\n<\/ul>\t\t\t\t\t\t\t\t<\/div>\n\t\t\t\t<\/div>\n\t\t\t\t<\/div>\n\t\t<div class=\"elementor-element elementor-element-51a7a76 e-con-full e-flex e-con e-child\" data-id=\"51a7a76\" data-element_type=\"container\" data-e-type=\"container\">\n\t\t\t\t<div class=\"elementor-element elementor-element-01ed928 elementor-widget elementor-widget-menu-anchor\" data-id=\"01ed928\" data-element_type=\"widget\" data-e-type=\"widget\" data-widget_type=\"menu-anchor.default\">\n\t\t\t\t<div class=\"elementor-widget-container\">\n\t\t\t\t\t\t\t<div class=\"elementor-menu-anchor\" id=\"Troublesdulangagecrit\"><\/div>\n\t\t\t\t\t\t<\/div>\n\t\t\t\t<\/div>\n\t\t\t\t<div class=\"elementor-element elementor-element-88a166f elementor-widget elementor-widget-heading\" data-id=\"88a166f\" data-element_type=\"widget\" data-e-type=\"widget\" data-widget_type=\"heading.default\">\n\t\t\t\t<div class=\"elementor-widget-container\">\n\t\t\t\t\t<h2 class=\"elementor-heading-title elementor-size-default\">Troubles du langage \u00e9crit <\/h2>\t\t\t\t<\/div>\n\t\t\t\t<\/div>\n\t\t\t\t<div class=\"elementor-element elementor-element-6fbad77 elementor-widget elementor-widget-text-editor\" data-id=\"6fbad77\" data-element_type=\"widget\" data-e-type=\"widget\" data-widget_type=\"text-editor.default\">\n\t\t\t\t<div class=\"elementor-widget-container\">\n\t\t\t\t\t\t\t\t\t<ul><li><strong>Dyslexie<\/strong><\/li><li><strong>Dysorthographie<\/strong><\/li><li><strong>Dysgraphie<\/strong><\/li><li><strong>Dyscalculie<\/strong><\/li><\/ul>\t\t\t\t\t\t\t\t<\/div>\n\t\t\t\t<\/div>\n\t\t\t\t<\/div>\n\t\t<div class=\"elementor-element elementor-element-65a6d01 e-con-full e-flex e-con e-child\" data-id=\"65a6d01\" data-element_type=\"container\" data-e-type=\"container\">\n\t\t\t\t<div class=\"elementor-element elementor-element-2ae1746 elementor-widget-mobile__width-initial elementor-widget elementor-widget-heading\" data-id=\"2ae1746\" data-element_type=\"widget\" data-e-type=\"widget\" data-widget_type=\"heading.default\">\n\t\t\t\t<div class=\"elementor-widget-container\">\n\t\t\t\t\t<h2 class=\"elementor-heading-title elementor-size-default\">Troubles myofonctionnels <\/h2>\t\t\t\t<\/div>\n\t\t\t\t<\/div>\n\t\t\t\t<div class=\"elementor-element elementor-element-c15b70b elementor-widget elementor-widget-text-editor\" data-id=\"c15b70b\" data-element_type=\"widget\" data-e-type=\"widget\" data-widget_type=\"text-editor.default\">\n\t\t\t\t<div class=\"elementor-widget-container\">\n\t\t\t\t\t\t\t\t\t<ul><li>Mauvais <strong>placement de la langue<\/strong><\/li><li><strong>D\u00e9glutition<\/strong> atypique<\/li><\/ul>\t\t\t\t\t\t\t\t<\/div>\n\t\t\t\t<\/div>\n\t\t\t\t<\/div>\n\t\t\t\t\t<\/div>\n\t\t\t\t<\/div>\n\t\t<div class=\"elementor-element elementor-element-60089d8 e-flex e-con-boxed e-con e-parent\" data-id=\"60089d8\" data-element_type=\"container\" data-e-type=\"container\">\n\t\t\t\t\t<div class=\"e-con-inner\">\n\t\t<div class=\"elementor-element elementor-element-824f27a e-con-full e-flex e-con e-child\" data-id=\"824f27a\" data-element_type=\"container\" data-e-type=\"container\">\n\t\t\t\t<div class=\"elementor-element elementor-element-cb3d696 elementor-widget elementor-widget-menu-anchor\" data-id=\"cb3d696\" data-element_type=\"widget\" data-e-type=\"widget\" data-widget_type=\"menu-anchor.default\">\n\t\t\t\t<div class=\"elementor-widget-container\">\n\t\t\t\t\t\t\t<div class=\"elementor-menu-anchor\" id=\"Lorientationlorganisationetlastructurationspatiale\"><\/div>\n\t\t\t\t\t\t<\/div>\n\t\t\t\t<\/div>\n\t\t\t\t<div class=\"elementor-element elementor-element-6742ed5 elementor-widget elementor-widget-heading\" data-id=\"6742ed5\" data-element_type=\"widget\" data-e-type=\"widget\" data-widget_type=\"heading.default\">\n\t\t\t\t<div class=\"elementor-widget-container\">\n\t\t\t\t\t<h2 class=\"elementor-heading-title elementor-size-default\">L'orientation, l\u2019organisation et la  structuration spatiale<\/h2>\t\t\t\t<\/div>\n\t\t\t\t<\/div>\n\t\t\t\t<div class=\"elementor-element elementor-element-8dd53da elementor-widget elementor-widget-text-editor\" data-id=\"8dd53da\" data-element_type=\"widget\" data-e-type=\"widget\" data-widget_type=\"text-editor.default\">\n\t\t\t\t<div class=\"elementor-widget-container\">\n\t\t\t\t\t\t\t\t\t<ul><li>Pr\u00e9requis indispensables pour les <strong>apprentissages<\/strong> de la <strong>lecture<\/strong> et de l\u2019<strong>\u00e9criture<\/strong><\/li><li>Troubles d <strong>apprentissage<\/strong><\/li><\/ul>\t\t\t\t\t\t\t\t<\/div>\n\t\t\t\t<\/div>\n\t\t\t\t<\/div>\n\t\t<div class=\"elementor-element elementor-element-d864149 e-con-full e-flex e-con e-child\" data-id=\"d864149\" data-element_type=\"container\" data-e-type=\"container\">\n\t\t\t\t<div class=\"elementor-element elementor-element-4f6c2c4 elementor-widget elementor-widget-menu-anchor\" data-id=\"4f6c2c4\" data-element_type=\"widget\" data-e-type=\"widget\" data-widget_type=\"menu-anchor.default\">\n\t\t\t\t<div class=\"elementor-widget-container\">\n\t\t\t\t\t\t\t<div class=\"elementor-menu-anchor\" id=\"Troublesattentionnels\"><\/div>\n\t\t\t\t\t\t<\/div>\n\t\t\t\t<\/div>\n\t\t\t\t<div class=\"elementor-element elementor-element-ff01169 elementor-widget elementor-widget-heading\" data-id=\"ff01169\" data-element_type=\"widget\" data-e-type=\"widget\" data-widget_type=\"heading.default\">\n\t\t\t\t<div class=\"elementor-widget-container\">\n\t\t\t\t\t<h2 class=\"elementor-heading-title elementor-size-default\">Troubles attentionnels<\/h2>\t\t\t\t<\/div>\n\t\t\t\t<\/div>\n\t\t\t\t<div class=\"elementor-element elementor-element-dd34ada elementor-widget elementor-widget-text-editor\" data-id=\"dd34ada\" data-element_type=\"widget\" data-e-type=\"widget\" data-widget_type=\"text-editor.default\">\n\t\t\t\t<div class=\"elementor-widget-container\">\n\t\t\t\t\t\t\t\t\t<p>\u00a0(avec ou sans <strong>hyperactivit\u00e9<\/strong>)<\/p><ul><li>Difficult\u00e9s \u00e0 rester <strong>concentr\u00e9<\/strong><\/li><li>Demeurer <strong>immobile<\/strong>, contr\u00f4ler ses <strong>impulsions<\/strong><\/li><li>R\u00e9\u00e9quilibrage de <strong>mouvements involontaires<\/strong> qui am\u00e9liore les apprentissages (Int\u00e9gration Motrice Primordiale).<\/li><li><strong>Dyspraxie<\/strong><\/li><\/ul>\t\t\t\t\t\t\t\t<\/div>\n\t\t\t\t<\/div>\n\t\t\t\t<\/div>\n\t\t\t\t\t<\/div>\n\t\t\t\t<\/div>\n\t\t\t\t<\/div>\n\t\t","protected":false},"excerpt":{"rendered":"<p>R\u00e9\u00e9ducations logop\u00e9diques Troubles du langage Oral \u00a0Retard de la parole et de vocabulaire Probl\u00e8mes d&rsquo;articulation Dysphasie &#8230; Troubles du langage \u00e9crit Dyslexie Dysorthographie Dysgraphie Dyscalculie Troubles myofonctionnels Mauvais placement de la langue D\u00e9glutition atypique L&rsquo;orientation, l\u2019organisation et la structuration spatiale Pr\u00e9requis indispensables pour les apprentissages de la lecture et de l\u2019\u00e9criture Troubles d apprentissage Troubles&#8230;<\/p>\n","protected":false},"author":1,"featured_media":0,"parent":0,"menu_order":-97,"comment_status":"closed","ping_status":"closed","template":"","meta":{"_kadence_starter_templates_imported_post":true,"_kad_post_transparent":"","_kad_post_title":"hide","_kad_post_layout":"fullwidth","_kad_post_sidebar_id":"","_kad_post_content_style":"unboxed","_kad_post_vertical_padding":"hide","_kad_post_feature":"hide","_kad_post_feature_position":"","_kad_post_header":false,"_kad_post_footer":false,"_kad_post_classname":"","footnotes":""},"class_list":["post-705","page","type-page","status-publish","hentry"],"yoast_head":"<!-- This site is optimized with the Yoast SEO plugin v27.2 - https:\/\/yoast.com\/product\/yoast-seo-wordpress\/ -->\n<title>De la logop\u00e9die pour les troubles du langage oral, \u00e9crit, d&#039;attention<\/title>\n<meta name=\"robots\" content=\"index, follow, max-snippet:-1, max-image-preview:large, max-video-preview:-1\" \/>\n<link rel=\"canonical\" href=\"https:\/\/logopedemdcarabin.be\/logopede-verviers-heusy-stembert-dison\/reeducations\/\" \/>\n<meta property=\"og:locale\" content=\"fr_FR\" \/>\n<meta property=\"og:type\" content=\"article\" \/>\n<meta property=\"og:title\" content=\"De la logop\u00e9die pour les troubles du langage oral, \u00e9crit, d&#039;attention\" \/>\n<meta property=\"og:description\" content=\"R\u00e9\u00e9ducations logop\u00e9diques Troubles du langage Oral \u00a0Retard de la parole et de vocabulaire Probl\u00e8mes d&rsquo;articulation Dysphasie &#8230; Troubles du langage \u00e9crit Dyslexie Dysorthographie Dysgraphie Dyscalculie Troubles myofonctionnels Mauvais placement de la langue D\u00e9glutition atypique L&rsquo;orientation, l\u2019organisation et la structuration spatiale Pr\u00e9requis indispensables pour les apprentissages de la lecture et de l\u2019\u00e9criture Troubles d apprentissage Troubles...\" \/>\n<meta property=\"og:url\" content=\"https:\/\/logopedemdcarabin.be\/logopede-verviers-heusy-stembert-dison\/reeducations\/\" \/>\n<meta property=\"og:site_name\" content=\"Marie-Dominique CARABIN\" \/>\n<meta property=\"article:modified_time\" content=\"2026-01-17T09:00:33+00:00\" \/>\n<meta name=\"twitter:card\" content=\"summary_large_image\" \/>\n<meta name=\"twitter:label1\" content=\"Dur\u00e9e de lecture estim\u00e9e\" \/>\n\t<meta name=\"twitter:data1\" content=\"1 minute\" \/>\n<script type=\"application\/ld+json\" class=\"yoast-schema-graph\">{\"@context\":\"https:\/\/schema.org\",\"@graph\":[{\"@type\":\"WebPage\",\"@id\":\"https:\/\/logopedemdcarabin.be\/logopede-verviers-heusy-stembert-dison\/reeducations\/\",\"url\":\"https:\/\/logopedemdcarabin.be\/logopede-verviers-heusy-stembert-dison\/reeducations\/\",\"name\":\"De la logop\u00e9die pour les troubles du langage oral, \u00e9crit, d'attention\",\"isPartOf\":{\"@id\":\"https:\/\/logopedemdcarabin.be\/logopede-verviers-heusy-stembert-dison\/#website\"},\"datePublished\":\"2022-06-10T15:44:47+00:00\",\"dateModified\":\"2026-01-17T09:00:33+00:00\",\"breadcrumb\":{\"@id\":\"https:\/\/logopedemdcarabin.be\/logopede-verviers-heusy-stembert-dison\/reeducations\/#breadcrumb\"},\"inLanguage\":\"fr-FR\",\"potentialAction\":[{\"@type\":\"ReadAction\",\"target\":[\"https:\/\/logopedemdcarabin.be\/logopede-verviers-heusy-stembert-dison\/reeducations\/\"]}]},{\"@type\":\"BreadcrumbList\",\"@id\":\"https:\/\/logopedemdcarabin.be\/logopede-verviers-heusy-stembert-dison\/reeducations\/#breadcrumb\",\"itemListElement\":[{\"@type\":\"ListItem\",\"position\":1,\"name\":\"Accueil\",\"item\":\"https:\/\/logopedemdcarabin.be\/logopede-verviers-heusy-stembert-dison\/\"},{\"@type\":\"ListItem\",\"position\":2,\"name\":\"Accueil \u00bb R\u00e9\u00e9ducations\"}]},{\"@type\":\"WebSite\",\"@id\":\"https:\/\/logopedemdcarabin.be\/logopede-verviers-heusy-stembert-dison\/#website\",\"url\":\"https:\/\/logopedemdcarabin.be\/logopede-verviers-heusy-stembert-dison\/\",\"name\":\"Marie-Dominique CARABIN LOGOPEDE\",\"description\":\"Logop\u00e8de  Stembert\",\"publisher\":{\"@id\":\"https:\/\/logopedemdcarabin.be\/logopede-verviers-heusy-stembert-dison\/#organization\"},\"potentialAction\":[{\"@type\":\"SearchAction\",\"target\":{\"@type\":\"EntryPoint\",\"urlTemplate\":\"https:\/\/logopedemdcarabin.be\/logopede-verviers-heusy-stembert-dison\/?s={search_term_string}\"},\"query-input\":{\"@type\":\"PropertyValueSpecification\",\"valueRequired\":true,\"valueName\":\"search_term_string\"}}],\"inLanguage\":\"fr-FR\"},{\"@type\":\"Organization\",\"@id\":\"https:\/\/logopedemdcarabin.be\/logopede-verviers-heusy-stembert-dison\/#organization\",\"name\":\"M-D CARABIN Logop\u00e8de\",\"alternateName\":\"Logop\u00e9die pour enfant\",\"url\":\"https:\/\/logopedemdcarabin.be\/logopede-verviers-heusy-stembert-dison\/\",\"logo\":{\"@type\":\"ImageObject\",\"inLanguage\":\"fr-FR\",\"@id\":\"https:\/\/logopedemdcarabin.be\/logopede-verviers-heusy-stembert-dison\/#\/schema\/logo\/image\/\",\"url\":\"https:\/\/logopedemdcarabin.be\/wp-content\/uploads\/2025\/01\/cropped-logo.png\",\"contentUrl\":\"https:\/\/logopedemdcarabin.be\/wp-content\/uploads\/2025\/01\/cropped-logo.png\",\"width\":1197,\"height\":1189,\"caption\":\"M-D CARABIN Logop\u00e8de\"},\"image\":{\"@id\":\"https:\/\/logopedemdcarabin.be\/logopede-verviers-heusy-stembert-dison\/#\/schema\/logo\/image\/\"}}]}<\/script>\n<!-- \/ Yoast SEO plugin. -->","yoast_head_json":{"title":"De la logop\u00e9die pour les troubles du langage oral, \u00e9crit, d'attention","robots":{"index":"index","follow":"follow","max-snippet":"max-snippet:-1","max-image-preview":"max-image-preview:large","max-video-preview":"max-video-preview:-1"},"canonical":"https:\/\/logopedemdcarabin.be\/logopede-verviers-heusy-stembert-dison\/reeducations\/","og_locale":"fr_FR","og_type":"article","og_title":"De la logop\u00e9die pour les troubles du langage oral, \u00e9crit, d'attention","og_description":"R\u00e9\u00e9ducations logop\u00e9diques Troubles du langage Oral \u00a0Retard de la parole et de vocabulaire Probl\u00e8mes d&rsquo;articulation Dysphasie &#8230; Troubles du langage \u00e9crit Dyslexie Dysorthographie Dysgraphie Dyscalculie Troubles myofonctionnels Mauvais placement de la langue D\u00e9glutition atypique L&rsquo;orientation, l\u2019organisation et la structuration spatiale Pr\u00e9requis indispensables pour les apprentissages de la lecture et de l\u2019\u00e9criture Troubles d apprentissage Troubles...","og_url":"https:\/\/logopedemdcarabin.be\/logopede-verviers-heusy-stembert-dison\/reeducations\/","og_site_name":"Marie-Dominique CARABIN","article_modified_time":"2026-01-17T09:00:33+00:00","twitter_card":"summary_large_image","twitter_misc":{"Dur\u00e9e de lecture estim\u00e9e":"1 minute"},"schema":{"@context":"https:\/\/schema.org","@graph":[{"@type":"WebPage","@id":"https:\/\/logopedemdcarabin.be\/logopede-verviers-heusy-stembert-dison\/reeducations\/","url":"https:\/\/logopedemdcarabin.be\/logopede-verviers-heusy-stembert-dison\/reeducations\/","name":"De la logop\u00e9die pour les troubles du langage oral, \u00e9crit, d'attention","isPartOf":{"@id":"https:\/\/logopedemdcarabin.be\/logopede-verviers-heusy-stembert-dison\/#website"},"datePublished":"2022-06-10T15:44:47+00:00","dateModified":"2026-01-17T09:00:33+00:00","breadcrumb":{"@id":"https:\/\/logopedemdcarabin.be\/logopede-verviers-heusy-stembert-dison\/reeducations\/#breadcrumb"},"inLanguage":"fr-FR","potentialAction":[{"@type":"ReadAction","target":["https:\/\/logopedemdcarabin.be\/logopede-verviers-heusy-stembert-dison\/reeducations\/"]}]},{"@type":"BreadcrumbList","@id":"https:\/\/logopedemdcarabin.be\/logopede-verviers-heusy-stembert-dison\/reeducations\/#breadcrumb","itemListElement":[{"@type":"ListItem","position":1,"name":"Accueil","item":"https:\/\/logopedemdcarabin.be\/logopede-verviers-heusy-stembert-dison\/"},{"@type":"ListItem","position":2,"name":"Accueil \u00bb R\u00e9\u00e9ducations"}]},{"@type":"WebSite","@id":"https:\/\/logopedemdcarabin.be\/logopede-verviers-heusy-stembert-dison\/#website","url":"https:\/\/logopedemdcarabin.be\/logopede-verviers-heusy-stembert-dison\/","name":"Marie-Dominique CARABIN LOGOPEDE","description":"Logop\u00e8de  Stembert","publisher":{"@id":"https:\/\/logopedemdcarabin.be\/logopede-verviers-heusy-stembert-dison\/#organization"},"potentialAction":[{"@type":"SearchAction","target":{"@type":"EntryPoint","urlTemplate":"https:\/\/logopedemdcarabin.be\/logopede-verviers-heusy-stembert-dison\/?s={search_term_string}"},"query-input":{"@type":"PropertyValueSpecification","valueRequired":true,"valueName":"search_term_string"}}],"inLanguage":"fr-FR"},{"@type":"Organization","@id":"https:\/\/logopedemdcarabin.be\/logopede-verviers-heusy-stembert-dison\/#organization","name":"M-D CARABIN Logop\u00e8de","alternateName":"Logop\u00e9die pour enfant","url":"https:\/\/logopedemdcarabin.be\/logopede-verviers-heusy-stembert-dison\/","logo":{"@type":"ImageObject","inLanguage":"fr-FR","@id":"https:\/\/logopedemdcarabin.be\/logopede-verviers-heusy-stembert-dison\/#\/schema\/logo\/image\/","url":"https:\/\/logopedemdcarabin.be\/wp-content\/uploads\/2025\/01\/cropped-logo.png","contentUrl":"https:\/\/logopedemdcarabin.be\/wp-content\/uploads\/2025\/01\/cropped-logo.png","width":1197,"height":1189,"caption":"M-D CARABIN Logop\u00e8de"},"image":{"@id":"https:\/\/logopedemdcarabin.be\/logopede-verviers-heusy-stembert-dison\/#\/schema\/logo\/image\/"}}]}},"_links":{"self":[{"href":"https:\/\/logopedemdcarabin.be\/logopede-verviers-heusy-stembert-dison\/wp-json\/wp\/v2\/pages\/705","targetHints":{"allow":["GET"]}}],"collection":[{"href":"https:\/\/logopedemdcarabin.be\/logopede-verviers-heusy-stembert-dison\/wp-json\/wp\/v2\/pages"}],"about":[{"href":"https:\/\/logopedemdcarabin.be\/logopede-verviers-heusy-stembert-dison\/wp-json\/wp\/v2\/types\/page"}],"author":[{"embeddable":true,"href":"https:\/\/logopedemdcarabin.be\/logopede-verviers-heusy-stembert-dison\/wp-json\/wp\/v2\/users\/1"}],"replies":[{"embeddable":true,"href":"https:\/\/logopedemdcarabin.be\/logopede-verviers-heusy-stembert-dison\/wp-json\/wp\/v2\/comments?post=705"}],"version-history":[{"count":106,"href":"https:\/\/logopedemdcarabin.be\/logopede-verviers-heusy-stembert-dison\/wp-json\/wp\/v2\/pages\/705\/revisions"}],"predecessor-version":[{"id":1563,"href":"https:\/\/logopedemdcarabin.be\/logopede-verviers-heusy-stembert-dison\/wp-json\/wp\/v2\/pages\/705\/revisions\/1563"}],"wp:attachment":[{"href":"https:\/\/logopedemdcarabin.be\/logopede-verviers-heusy-stembert-dison\/wp-json\/wp\/v2\/media?parent=705"}],"curies":[{"name":"wp","href":"https:\/\/api.w.org\/{rel}","templated":true}]}}