{"id":9,"date":"2024-12-31T10:59:03","date_gmt":"2024-12-31T09:59:03","guid":{"rendered":"https:\/\/logopedemdcarabin.be\/?page_id=9"},"modified":"2025-01-09T15:01:55","modified_gmt":"2025-01-09T14:01:55","slug":"a-propos","status":"publish","type":"page","link":"https:\/\/logopedemdcarabin.be\/logopede-verviers-heusy-stembert-dison\/a-propos\/","title":{"rendered":"A propos"},"content":{"rendered":"\n<p class=\"has-theme-palette-9-color has-theme-palette-6-background-color has-text-color has-background has-link-color wp-elements-d8b9e6f911243df57a54533edfbe43e4\"><em class=\"\">Carabin Marie\u2069<\/em>&#8211;<em class=\"\">\u2066Dominique\u2069<\/em>, <em class=\"\">\u2066logop\u00e8de\u2069<\/em>\u2066 exp\u00e9riment\u00e9e, se tient \u00e0 la disposition des habitants de \u2069<em class=\"\">\u2066Stembert\u2069<\/em> (<em class=\"\">\u2066Verviers\u2069<\/em>\u2066) et de ses environs.\u2069<\/p>\n\n\n\n<div class=\"wp-block-buttons is-layout-flex wp-block-buttons-is-layout-flex\"><\/div>\n\n\n\n<div class=\"wp-block-buttons is-layout-flex wp-block-buttons-is-layout-flex\">\n<div class=\"wp-block-button\"><a class=\"wp-block-button__link wp-element-button\">Contact <\/a><\/div>\n<\/div>\n","protected":false},"excerpt":{"rendered":"<p>Carabin Marie\u2069&#8211;\u2066Dominique\u2069, \u2066logop\u00e8de\u2069\u2066 exp\u00e9riment\u00e9e, se tient \u00e0 la disposition des habitants de \u2069\u2066Stembert\u2069 (\u2066Verviers\u2069\u2066) et de ses environs.\u2069<\/p>\n","protected":false},"author":1,"featured_media":0,"parent":0,"menu_order":-98,"comment_status":"closed","ping_status":"closed","template":"","meta":{"_kadence_starter_templates_imported_post":false,"_kad_post_transparent":"","_kad_post_title":"","_kad_post_layout":"","_kad_post_sidebar_id":"","_kad_post_content_style":"","_kad_post_vertical_padding":"","_kad_post_feature":"","_kad_post_feature_position":"","_kad_post_header":false,"_kad_post_footer":false,"_kad_post_classname":"","footnotes":""},"class_list":["post-9","page","type-page","status-publish","hentry"],"yoast_head":"<!-- This site is optimized with the Yoast SEO plugin v27.2 - https:\/\/yoast.com\/product\/yoast-seo-wordpress\/ -->\n<title>A propos - Marie-Dominique CARABIN<\/title>\n<meta name=\"robots\" content=\"index, follow, max-snippet:-1, max-image-preview:large, max-video-preview:-1\" \/>\n<link rel=\"canonical\" href=\"https:\/\/logopedemdcarabin.be\/logopede-verviers-heusy-stembert-dison\/a-propos\/\" \/>\n<meta property=\"og:locale\" content=\"fr_FR\" \/>\n<meta property=\"og:type\" content=\"article\" \/>\n<meta property=\"og:title\" content=\"A propos - Marie-Dominique CARABIN\" \/>\n<meta property=\"og:description\" content=\"Carabin Marie\u2069&#8211;\u2066Dominique\u2069, \u2066logop\u00e8de\u2069\u2066 exp\u00e9riment\u00e9e, se tient \u00e0 la disposition des habitants de \u2069\u2066Stembert\u2069 (\u2066Verviers\u2069\u2066) et de ses environs.\u2069\" \/>\n<meta property=\"og:url\" content=\"https:\/\/logopedemdcarabin.be\/logopede-verviers-heusy-stembert-dison\/a-propos\/\" \/>\n<meta property=\"og:site_name\" content=\"Marie-Dominique CARABIN\" \/>\n<meta property=\"article:modified_time\" content=\"2025-01-09T14:01:55+00:00\" \/>\n<meta name=\"twitter:card\" content=\"summary_large_image\" \/>\n<script type=\"application\/ld+json\" class=\"yoast-schema-graph\">{\"@context\":\"https:\/\/schema.org\",\"@graph\":[{\"@type\":\"WebPage\",\"@id\":\"https:\/\/logopedemdcarabin.be\/logopede-verviers-heusy-stembert-dison\/a-propos\/\",\"url\":\"https:\/\/logopedemdcarabin.be\/logopede-verviers-heusy-stembert-dison\/a-propos\/\",\"name\":\"A propos - Marie-Dominique CARABIN\",\"isPartOf\":{\"@id\":\"https:\/\/logopedemdcarabin.be\/logopede-verviers-heusy-stembert-dison\/#website\"},\"datePublished\":\"2024-12-31T09:59:03+00:00\",\"dateModified\":\"2025-01-09T14:01:55+00:00\",\"breadcrumb\":{\"@id\":\"https:\/\/logopedemdcarabin.be\/logopede-verviers-heusy-stembert-dison\/a-propos\/#breadcrumb\"},\"inLanguage\":\"fr-FR\",\"potentialAction\":[{\"@type\":\"ReadAction\",\"target\":[\"https:\/\/logopedemdcarabin.be\/logopede-verviers-heusy-stembert-dison\/a-propos\/\"]}]},{\"@type\":\"BreadcrumbList\",\"@id\":\"https:\/\/logopedemdcarabin.be\/logopede-verviers-heusy-stembert-dison\/a-propos\/#breadcrumb\",\"itemListElement\":[{\"@type\":\"ListItem\",\"position\":1,\"name\":\"Accueil\",\"item\":\"https:\/\/logopedemdcarabin.be\/logopede-verviers-heusy-stembert-dison\/\"},{\"@type\":\"ListItem\",\"position\":2,\"name\":\"A propos\"}]},{\"@type\":\"WebSite\",\"@id\":\"https:\/\/logopedemdcarabin.be\/logopede-verviers-heusy-stembert-dison\/#website\",\"url\":\"https:\/\/logopedemdcarabin.be\/logopede-verviers-heusy-stembert-dison\/\",\"name\":\"Marie-Dominique CARABIN LOGOPEDE\",\"description\":\"Logop\u00e8de  Stembert\",\"publisher\":{\"@id\":\"https:\/\/logopedemdcarabin.be\/logopede-verviers-heusy-stembert-dison\/#organization\"},\"potentialAction\":[{\"@type\":\"SearchAction\",\"target\":{\"@type\":\"EntryPoint\",\"urlTemplate\":\"https:\/\/logopedemdcarabin.be\/logopede-verviers-heusy-stembert-dison\/?s={search_term_string}\"},\"query-input\":{\"@type\":\"PropertyValueSpecification\",\"valueRequired\":true,\"valueName\":\"search_term_string\"}}],\"inLanguage\":\"fr-FR\"},{\"@type\":\"Organization\",\"@id\":\"https:\/\/logopedemdcarabin.be\/logopede-verviers-heusy-stembert-dison\/#organization\",\"name\":\"M-D CARABIN Logop\u00e8de\",\"alternateName\":\"Logop\u00e9die pour enfant\",\"url\":\"https:\/\/logopedemdcarabin.be\/logopede-verviers-heusy-stembert-dison\/\",\"logo\":{\"@type\":\"ImageObject\",\"inLanguage\":\"fr-FR\",\"@id\":\"https:\/\/logopedemdcarabin.be\/logopede-verviers-heusy-stembert-dison\/#\/schema\/logo\/image\/\",\"url\":\"https:\/\/logopedemdcarabin.be\/wp-content\/uploads\/2025\/01\/cropped-logo.png\",\"contentUrl\":\"https:\/\/logopedemdcarabin.be\/wp-content\/uploads\/2025\/01\/cropped-logo.png\",\"width\":1197,\"height\":1189,\"caption\":\"M-D CARABIN Logop\u00e8de\"},\"image\":{\"@id\":\"https:\/\/logopedemdcarabin.be\/logopede-verviers-heusy-stembert-dison\/#\/schema\/logo\/image\/\"}}]}<\/script>\n<!-- \/ Yoast SEO plugin. -->","yoast_head_json":{"title":"A propos - Marie-Dominique CARABIN","robots":{"index":"index","follow":"follow","max-snippet":"max-snippet:-1","max-image-preview":"max-image-preview:large","max-video-preview":"max-video-preview:-1"},"canonical":"https:\/\/logopedemdcarabin.be\/logopede-verviers-heusy-stembert-dison\/a-propos\/","og_locale":"fr_FR","og_type":"article","og_title":"A propos - Marie-Dominique CARABIN","og_description":"Carabin Marie\u2069&#8211;\u2066Dominique\u2069, \u2066logop\u00e8de\u2069\u2066 exp\u00e9riment\u00e9e, se tient \u00e0 la disposition des habitants de \u2069\u2066Stembert\u2069 (\u2066Verviers\u2069\u2066) et de ses environs.\u2069","og_url":"https:\/\/logopedemdcarabin.be\/logopede-verviers-heusy-stembert-dison\/a-propos\/","og_site_name":"Marie-Dominique CARABIN","article_modified_time":"2025-01-09T14:01:55+00:00","twitter_card":"summary_large_image","schema":{"@context":"https:\/\/schema.org","@graph":[{"@type":"WebPage","@id":"https:\/\/logopedemdcarabin.be\/logopede-verviers-heusy-stembert-dison\/a-propos\/","url":"https:\/\/logopedemdcarabin.be\/logopede-verviers-heusy-stembert-dison\/a-propos\/","name":"A propos - Marie-Dominique CARABIN","isPartOf":{"@id":"https:\/\/logopedemdcarabin.be\/logopede-verviers-heusy-stembert-dison\/#website"},"datePublished":"2024-12-31T09:59:03+00:00","dateModified":"2025-01-09T14:01:55+00:00","breadcrumb":{"@id":"https:\/\/logopedemdcarabin.be\/logopede-verviers-heusy-stembert-dison\/a-propos\/#breadcrumb"},"inLanguage":"fr-FR","potentialAction":[{"@type":"ReadAction","target":["https:\/\/logopedemdcarabin.be\/logopede-verviers-heusy-stembert-dison\/a-propos\/"]}]},{"@type":"BreadcrumbList","@id":"https:\/\/logopedemdcarabin.be\/logopede-verviers-heusy-stembert-dison\/a-propos\/#breadcrumb","itemListElement":[{"@type":"ListItem","position":1,"name":"Accueil","item":"https:\/\/logopedemdcarabin.be\/logopede-verviers-heusy-stembert-dison\/"},{"@type":"ListItem","position":2,"name":"A propos"}]},{"@type":"WebSite","@id":"https:\/\/logopedemdcarabin.be\/logopede-verviers-heusy-stembert-dison\/#website","url":"https:\/\/logopedemdcarabin.be\/logopede-verviers-heusy-stembert-dison\/","name":"Marie-Dominique CARABIN LOGOPEDE","description":"Logop\u00e8de  Stembert","publisher":{"@id":"https:\/\/logopedemdcarabin.be\/logopede-verviers-heusy-stembert-dison\/#organization"},"potentialAction":[{"@type":"SearchAction","target":{"@type":"EntryPoint","urlTemplate":"https:\/\/logopedemdcarabin.be\/logopede-verviers-heusy-stembert-dison\/?s={search_term_string}"},"query-input":{"@type":"PropertyValueSpecification","valueRequired":true,"valueName":"search_term_string"}}],"inLanguage":"fr-FR"},{"@type":"Organization","@id":"https:\/\/logopedemdcarabin.be\/logopede-verviers-heusy-stembert-dison\/#organization","name":"M-D CARABIN Logop\u00e8de","alternateName":"Logop\u00e9die pour enfant","url":"https:\/\/logopedemdcarabin.be\/logopede-verviers-heusy-stembert-dison\/","logo":{"@type":"ImageObject","inLanguage":"fr-FR","@id":"https:\/\/logopedemdcarabin.be\/logopede-verviers-heusy-stembert-dison\/#\/schema\/logo\/image\/","url":"https:\/\/logopedemdcarabin.be\/wp-content\/uploads\/2025\/01\/cropped-logo.png","contentUrl":"https:\/\/logopedemdcarabin.be\/wp-content\/uploads\/2025\/01\/cropped-logo.png","width":1197,"height":1189,"caption":"M-D CARABIN Logop\u00e8de"},"image":{"@id":"https:\/\/logopedemdcarabin.be\/logopede-verviers-heusy-stembert-dison\/#\/schema\/logo\/image\/"}}]}},"_links":{"self":[{"href":"https:\/\/logopedemdcarabin.be\/logopede-verviers-heusy-stembert-dison\/wp-json\/wp\/v2\/pages\/9","targetHints":{"allow":["GET"]}}],"collection":[{"href":"https:\/\/logopedemdcarabin.be\/logopede-verviers-heusy-stembert-dison\/wp-json\/wp\/v2\/pages"}],"about":[{"href":"https:\/\/logopedemdcarabin.be\/logopede-verviers-heusy-stembert-dison\/wp-json\/wp\/v2\/types\/page"}],"author":[{"embeddable":true,"href":"https:\/\/logopedemdcarabin.be\/logopede-verviers-heusy-stembert-dison\/wp-json\/wp\/v2\/users\/1"}],"replies":[{"embeddable":true,"href":"https:\/\/logopedemdcarabin.be\/logopede-verviers-heusy-stembert-dison\/wp-json\/wp\/v2\/comments?post=9"}],"version-history":[{"count":5,"href":"https:\/\/logopedemdcarabin.be\/logopede-verviers-heusy-stembert-dison\/wp-json\/wp\/v2\/pages\/9\/revisions"}],"predecessor-version":[{"id":899,"href":"https:\/\/logopedemdcarabin.be\/logopede-verviers-heusy-stembert-dison\/wp-json\/wp\/v2\/pages\/9\/revisions\/899"}],"wp:attachment":[{"href":"https:\/\/logopedemdcarabin.be\/logopede-verviers-heusy-stembert-dison\/wp-json\/wp\/v2\/media?parent=9"}],"curies":[{"name":"wp","href":"https:\/\/api.w.org\/{rel}","templated":true}]}}